{"id":361,"date":"2021-05-03T09:21:41","date_gmt":"2021-05-03T07:21:41","guid":{"rendered":"https:\/\/www.artisane-bougie.fr\/?post_type=product&#038;p=361"},"modified":"2021-05-17T09:50:29","modified_gmt":"2021-05-17T07:50:29","slug":"bougie-mure-musc-90g","status":"publish","type":"product","link":"https:\/\/63.liure.fr\/artisane\/produit\/bougie-mure-musc-90g\/","title":{"rendered":"Bougie M\u00fbre Musc"},"content":{"rendered":"<div class=\"container\">\n<div class=\"row\">\n<div class=\"col-md-12\"><strong>Bougie<\/strong> \u00e0 la <strong>cire v\u00e9g\u00e9tale<\/strong> de soja et de coco et \u00e0 l&rsquo;extrait de <strong>parfum naturel<\/strong>.<\/p>\n<p>Le d\u00e9cor est non contractuel, il s&rsquo;agit de d\u00e9cors<strong> uniques<\/strong>, ils sont donc al\u00e9atoires.<\/p>\n<p>Poids total de la cire: <strong>90g ou 180g<\/strong><\/div>\n<\/div>\n<\/div>\n","protected":false},"excerpt":{"rendered":"<p>Bougie \u00e0 la cire v\u00e9g\u00e9tale de soja et de coco et \u00e0 l&rsquo;extrait de parfum naturel. Le d\u00e9cor est non contractuel, il s&rsquo;agit de d\u00e9cors uniques, ils sont donc al\u00e9atoires. Poids total de la cire: 90g ou 180g<\/p>\n","protected":false},"featured_media":110,"template":"","meta":{"_acf_changed":false},"product_brand":[],"product_cat":[17],"product_tag":[],"class_list":{"0":"post-361","1":"product","2":"type-product","3":"status-publish","4":"has-post-thumbnail","6":"product_cat-bougieparfumee","8":"first","9":"instock","10":"shipping-taxable","11":"purchasable","12":"product-type-variable"},"acf":[],"_links":{"self":[{"href":"https:\/\/63.liure.fr\/artisane\/wp-json\/wp\/v2\/product\/361","targetHints":{"allow":["GET"]}}],"collection":[{"href":"https:\/\/63.liure.fr\/artisane\/wp-json\/wp\/v2\/product"}],"about":[{"href":"https:\/\/63.liure.fr\/artisane\/wp-json\/wp\/v2\/types\/product"}],"wp:featuredmedia":[{"embeddable":true,"href":"https:\/\/63.liure.fr\/artisane\/wp-json\/wp\/v2\/media\/110"}],"wp:attachment":[{"href":"https:\/\/63.liure.fr\/artisane\/wp-json\/wp\/v2\/media?parent=361"}],"wp:term":[{"taxonomy":"product_brand","embeddable":true,"href":"https:\/\/63.liure.fr\/artisane\/wp-json\/wp\/v2\/product_brand?post=361"},{"taxonomy":"product_cat","embeddable":true,"href":"https:\/\/63.liure.fr\/artisane\/wp-json\/wp\/v2\/product_cat?post=361"},{"taxonomy":"product_tag","embeddable":true,"href":"https:\/\/63.liure.fr\/artisane\/wp-json\/wp\/v2\/product_tag?post=361"}],"curies":[{"name":"wp","href":"https:\/\/api.w.org\/{rel}","templated":true}]}}