{"id":68,"date":"2021-04-12T14:56:35","date_gmt":"2021-04-12T12:56:35","guid":{"rendered":"https:\/\/www.artisane-bougie.fr\/?page_id=68"},"modified":"2025-08-11T08:29:59","modified_gmt":"2025-08-11T06:29:59","slug":"latelier-de-fabrication-de-nos-bougies-artisanales","status":"publish","type":"page","link":"https:\/\/63.liure.fr\/artisane\/latelier-de-fabrication-de-nos-bougies-artisanales\/","title":{"rendered":"L&rsquo;Atelier de fabrication de nos bougies Artisanales"},"content":{"rendered":"<div class=\"container\"><div class=\"row\"><div class=\"col-md-12\"><div class=\"intro_h2\">\n\t<h2><p><span style=\"font-size: 24pt;\">Pr\u00e9sentation de notre m\u00e9thode de fabrication de bougies parfum\u00e9es<\/span><\/p>\n<\/h2>\n<\/div><\/div><\/div><\/div><div class=\"container\"><div class=\"row\"><div class=\"col-md-12\">\n\n<\/div><\/div><\/div><div class=\"container\"><div class=\"row\"><div class=\"col-md-12\">\n<div class=\"wp-block-columns is-layout-flex wp-container-core-columns-is-layout-9d6595d7 wp-block-columns-is-layout-flex\">\n<div class=\"wp-block-column is-layout-flow wp-block-column-is-layout-flow\" style=\"flex-basis:100%\"><div class=\"container\"><div class=\"row\"><div class=\"col-md-12\">\n<div style=\"height:100px\" aria-hidden=\"true\" class=\"wp-block-spacer\"><\/div>\n<\/div><\/div><\/div>\n\n<div class=\"container\"><div class=\"row\"><div class=\"col-md-12\">\n<div class=\"wp-block-columns is-layout-flex wp-container-core-columns-is-layout-9d6595d7 wp-block-columns-is-layout-flex\">\n<div class=\"wp-block-column is-vertically-aligned-center is-layout-flow wp-block-column-is-layout-flow\"><div class=\"container\"><div class=\"row\"><div class=\"col-md-12\">\n<p class=\"has-text-align-center\">Notre <strong>atelier<\/strong> de fabrication est situ\u00e9 \u00e0 ARTONNE, nous utilisons des mati\u00e8res premi\u00e8res s\u00e9lectionn\u00e9es pour leur <strong>qualit\u00e9<\/strong> exceptionnelle, notre m\u00e9thode de <strong>fabrication <\/strong>se compose de nombreuses \u00e9tapes&#8230;<\/p>\n<\/div><\/div><\/div>\n\n<div class=\"container\"><div class=\"row\"><div class=\"col-md-12\">\n<p class=\"has-text-align-center\">Fabriquer une <strong>bougie<\/strong> parfum\u00e9e de <strong>qualit\u00e9<\/strong> requiert un vrai savoir-faire : choix des mati\u00e8res premi\u00e8res, assemblage, r\u00e9glages de la bougie pour permettre une diffusion optimale&#8230; Si les \u00e9tapes paraissent simples, la mise en<strong> cire <\/strong>est&nbsp;un v\u00e9ritable<strong> art <\/strong>! C&rsquo;est pourquoi aujourd&rsquo;hui peu de marques fabriquent elles-m\u00eames leurs&nbsp;bougies parfum\u00e9es.<\/p>\n<\/div><\/div><\/div><\/div>\n\n\n\n<div class=\"wp-block-column is-layout-flow wp-block-column-is-layout-flow\">\n<div class=\"wp-block-image\"><figure class=\"aligncenter size-large is-resized\"><img loading=\"lazy\" decoding=\"async\" src=\"https:\/\/www.artisane-bougie.fr\/wp-content\/uploads\/sites\/18\/2021\/04\/image-5-compressed-886x1024.jpg\" alt=\"bougies naturelles parfumees\" class=\"wp-image-141\" width=\"252\" height=\"290\" srcset=\"https:\/\/63.liure.fr\/artisane\/wp-content\/uploads\/sites\/18\/2021\/04\/image-5-compressed-886x1024.jpg 886w, https:\/\/63.liure.fr\/artisane\/wp-content\/uploads\/sites\/18\/2021\/04\/image-5-compressed-260x300.jpg 260w, https:\/\/63.liure.fr\/artisane\/wp-content\/uploads\/sites\/18\/2021\/04\/image-5-compressed-768x888.jpg 768w, https:\/\/63.liure.fr\/artisane\/wp-content\/uploads\/sites\/18\/2021\/04\/image-5-compressed-350x404.jpg 350w, https:\/\/63.liure.fr\/artisane\/wp-content\/uploads\/sites\/18\/2021\/04\/image-5-compressed-800x925.jpg 800w, https:\/\/63.liure.fr\/artisane\/wp-content\/uploads\/sites\/18\/2021\/04\/image-5-compressed-500x578.jpg 500w, https:\/\/63.liure.fr\/artisane\/wp-content\/uploads\/sites\/18\/2021\/04\/image-5-compressed-1329x1536.jpg 1329w, https:\/\/63.liure.fr\/artisane\/wp-content\/uploads\/sites\/18\/2021\/04\/image-5-compressed-1772x2048.jpg 1772w\" sizes=\"auto, (max-width: 252px) 100vw, 252px\" \/><\/figure><\/div>\n\n\n<div class=\"container\"><div class=\"row\"><div class=\"col-md-12\">\n<p><\/p>\n<\/div><\/div><\/div><\/div>\n<\/div>\n<\/div><\/div><\/div>\n\n<div class=\"container\"><div class=\"row\"><div class=\"col-md-12\">\n<div class=\"wp-block-columns is-layout-flex wp-container-core-columns-is-layout-9d6595d7 wp-block-columns-is-layout-flex\">\n<div class=\"wp-block-column is-layout-flow wp-block-column-is-layout-flow\" style=\"flex-basis:100%\"><div class=\"container\"><div class=\"row\"><div class=\"col-md-12\">\n<div style=\"height:100px\" aria-hidden=\"true\" class=\"wp-block-spacer\"><\/div>\n<\/div><\/div><\/div><\/div>\n<\/div>\n<\/div><\/div><\/div>\n\n<div class=\"container\"><div class=\"row\"><div class=\"col-md-12\">\n<h2 class=\"wp-block-heading\">Le choix des mati\u00e8res premi\u00e8res<\/h2>\n<\/div><\/div><\/div>\n\n<div class=\"container\"><div class=\"row\"><div class=\"col-md-12\">\n<div style=\"height:100px\" aria-hidden=\"true\" class=\"wp-block-spacer\"><\/div>\n<\/div><\/div><\/div>\n\n<div class=\"container\"><div class=\"row\"><div class=\"col-md-12\">\n<div class=\"wp-block-columns is-layout-flex wp-container-core-columns-is-layout-9d6595d7 wp-block-columns-is-layout-flex\">\n<div class=\"wp-block-column is-layout-flow wp-block-column-is-layout-flow\"><div class=\"container\"><div class=\"row\"><div class=\"col-md-12\">\n<p class=\"has-text-align-center\">En amont de la <strong>fabrication<\/strong>, il est indispensable de s\u00e9lectionner les<strong> mati\u00e8res premi\u00e8res<\/strong>:<\/p>\n<\/div><\/div><\/div>\n\n<div class=\"container\"><div class=\"row\"><div class=\"col-md-12\">\n<ul class=\"wp-block-list\"><li>Nous travaillons avec un <strong>artisan cr\u00e9ateur<\/strong> de la <strong>R\u00e9gion de Grasse<\/strong> qui fabrique notre cire d&rsquo;<strong>exception <\/strong>\u00e0 base de <strong>soja <\/strong>et de<strong> coco<\/strong>, cette cire est tr\u00e8s pure,<strong> naturelle<\/strong>, elle est aussi tr\u00e8s grasse et sa combustion est plus lente que les cires classiques.<\/li><li>Notre <strong>artisan parfumeur<\/strong> lui aussi de la R\u00e9gion de Grasse \u00e9labore ses<strong> parfums<\/strong> sans mol\u00e9cules de synth\u00e8se mais avec des compositions \u00e0 base d\u2019huiles essentielles et d\u2019absolues.<\/li><\/ul>\n<\/div><\/div><\/div>\n\n<div class=\"container\"><div class=\"row\"><div class=\"col-md-12\">\n<p><\/p>\n<\/div><\/div><\/div><\/div>\n\n\n\n<div class=\"wp-block-column is-layout-flow wp-block-column-is-layout-flow\">\n<div class=\"wp-block-image\"><figure class=\"aligncenter size-large is-resized\"><img loading=\"lazy\" decoding=\"async\" src=\"https:\/\/www.artisane-bougie.fr\/wp-content\/uploads\/sites\/18\/2021\/04\/image-3-compressed-1024x1024.jpg\" alt=\"\" class=\"wp-image-134\" width=\"313\" height=\"313\" srcset=\"https:\/\/63.liure.fr\/artisane\/wp-content\/uploads\/sites\/18\/2021\/04\/image-3-compressed-1024x1024.jpg 1024w, https:\/\/63.liure.fr\/artisane\/wp-content\/uploads\/sites\/18\/2021\/04\/image-3-compressed-300x300.jpg 300w, https:\/\/63.liure.fr\/artisane\/wp-content\/uploads\/sites\/18\/2021\/04\/image-3-compressed-150x150.jpg 150w, https:\/\/63.liure.fr\/artisane\/wp-content\/uploads\/sites\/18\/2021\/04\/image-3-compressed-768x768.jpg 768w, https:\/\/63.liure.fr\/artisane\/wp-content\/uploads\/sites\/18\/2021\/04\/image-3-compressed-350x350.jpg 350w, https:\/\/63.liure.fr\/artisane\/wp-content\/uploads\/sites\/18\/2021\/04\/image-3-compressed-800x800.jpg 800w, https:\/\/63.liure.fr\/artisane\/wp-content\/uploads\/sites\/18\/2021\/04\/image-3-compressed-500x500.jpg 500w, https:\/\/63.liure.fr\/artisane\/wp-content\/uploads\/sites\/18\/2021\/04\/image-3-compressed-1536x1536.jpg 1536w, https:\/\/63.liure.fr\/artisane\/wp-content\/uploads\/sites\/18\/2021\/04\/image-3-compressed-2048x2048.jpg 2048w, https:\/\/63.liure.fr\/artisane\/wp-content\/uploads\/sites\/18\/2021\/04\/image-3-compressed-40x40.jpg 40w\" sizes=\"auto, (max-width: 313px) 100vw, 313px\" \/><\/figure><\/div>\n<\/div>\n<\/div>\n<\/div><\/div><\/div>\n\n<div class=\"container\"><div class=\"row\"><div class=\"col-md-12\">\n<div style=\"height:100px\" aria-hidden=\"true\" class=\"wp-block-spacer\"><\/div>\n<\/div><\/div><\/div>\n\n<div class=\"container\"><div class=\"row\"><div class=\"col-md-12\">\n<div class=\"wp-block-columns is-layout-flex wp-container-core-columns-is-layout-9d6595d7 wp-block-columns-is-layout-flex\">\n<div class=\"wp-block-column is-layout-flow wp-block-column-is-layout-flow\"><div class=\"container\"><div class=\"row\"><div class=\"col-md-12\">\n<p class=\"has-text-align-center\"> Voici les diff\u00e9rentes \u00e9tapes permettant d&rsquo;obtenir une <strong>bougie parfum\u00e9e<\/strong> :&nbsp;<\/p>\n<\/div><\/div><\/div>\n\n<div class=\"container\"><div class=\"row\"><div class=\"col-md-12\">\n<p class=\"has-text-align-center\">La premi\u00e8re \u00e9tape consiste \u00e0 coller les <strong>m\u00e8ches<\/strong> dans les contenants.<\/p>\n<\/div><\/div><\/div>\n\n<div class=\"container\"><div class=\"row\"><div class=\"col-md-12\">\n<p class=\"has-text-align-center\">La seconde \u00e9tape consiste \u00e0 faire chauffer la <strong>cire<\/strong> \u00e0 une certaine temp\u00e9rature. <\/p>\n<\/div><\/div><\/div>\n\n<div class=\"container\"><div class=\"row\"><div class=\"col-md-12\">\n<p class=\"has-text-align-center\">Une fois&nbsp;rendue liquide, le <strong>parfum<\/strong> est incorpor\u00e9 \u00e0 la cire. Le tout est d\u00e9licatement m\u00e9lang\u00e9 maintenant le m\u00e9lange \u00e0 temp\u00e9rature \u00e9lev\u00e9e pour qu&rsquo;il reste liquide le temps de la <strong>fabrication<\/strong>.<\/p>\n<\/div><\/div><\/div>\n\n<div class=\"container\"><div class=\"row\"><div class=\"col-md-12\">\n<p class=\"has-text-align-center\">La troisi\u00e8me \u00e9tape consiste donc \u00e0 couler le m\u00e9lange dans le contenant.<\/p>\n<\/div><\/div><\/div>\n\n<div class=\"container\"><div class=\"row\"><div class=\"col-md-12\">\n<p class=\"has-text-align-center\"> Une fois remplies, les bo\u00eetes sont mises de cot\u00e9 le temps que la pr\u00e9paration refroidisse et se solidifie compl\u00e8tement.&nbsp;<\/p>\n<\/div><\/div><\/div><\/div>\n\n\n\n<div class=\"wp-block-column is-layout-flow wp-block-column-is-layout-flow\">\n<div class=\"wp-block-image\"><figure class=\"aligncenter size-large is-resized\"><img loading=\"lazy\" decoding=\"async\" src=\"https:\/\/www.artisane-bougie.fr\/wp-content\/uploads\/sites\/18\/2021\/04\/IMG-0004-841x1024.jpg\" alt=\"bougies naturelles artisanales fait main\" class=\"wp-image-129\" width=\"284\" height=\"345\" srcset=\"https:\/\/63.liure.fr\/artisane\/wp-content\/uploads\/sites\/18\/2021\/04\/IMG-0004-841x1024.jpg 841w, https:\/\/63.liure.fr\/artisane\/wp-content\/uploads\/sites\/18\/2021\/04\/IMG-0004-246x300.jpg 246w, https:\/\/63.liure.fr\/artisane\/wp-content\/uploads\/sites\/18\/2021\/04\/IMG-0004-768x935.jpg 768w, https:\/\/63.liure.fr\/artisane\/wp-content\/uploads\/sites\/18\/2021\/04\/IMG-0004-350x426.jpg 350w, https:\/\/63.liure.fr\/artisane\/wp-content\/uploads\/sites\/18\/2021\/04\/IMG-0004-800x974.jpg 800w, https:\/\/63.liure.fr\/artisane\/wp-content\/uploads\/sites\/18\/2021\/04\/IMG-0004-500x609.jpg 500w, https:\/\/63.liure.fr\/artisane\/wp-content\/uploads\/sites\/18\/2021\/04\/IMG-0004.jpg 884w\" sizes=\"auto, (max-width: 284px) 100vw, 284px\" \/><\/figure><\/div>\n<\/div>\n<\/div>\n<\/div><\/div><\/div>\n\n<div class=\"container\"><div class=\"row\"><div class=\"col-md-12\">\n<div style=\"height:100px\" aria-hidden=\"true\" class=\"wp-block-spacer\"><\/div>\n<\/div><\/div><\/div>\n\n<div class=\"container\"><div class=\"row\"><div class=\"col-md-12\">\n<div class=\"wp-block-columns is-layout-flex wp-container-core-columns-is-layout-9d6595d7 wp-block-columns-is-layout-flex\">\n<div class=\"wp-block-column is-vertically-aligned-center is-layout-flow wp-block-column-is-layout-flow\"><div class=\"container\"><div class=\"row\"><div class=\"col-md-12\">\n<p>On attend <strong>24h <\/strong>avant de couper les <strong>m\u00e8ches<\/strong> pour permettre un br\u00fblage <strong>optimal<\/strong>.<\/p>\n<\/div><\/div><\/div>\n\n<div class=\"container\"><div class=\"row\"><div class=\"col-md-12\">\n<p> Une m\u00e8che trop longue aura tendance \u00e0 fumer, ce qui est d\u00e9conseill\u00e9. <\/p>\n<\/div><\/div><\/div>\n\n<div class=\"container\"><div class=\"row\"><div class=\"col-md-12\">\n<p>Il est d\u2019ailleurs recommand\u00e9 de recouper la<strong> m\u00e8che <\/strong>aussi souvent que n\u00e9cessaire pour qu\u2019elle mesure toujours environ<strong> 1 cm<\/strong>.<\/p>\n<\/div><\/div><\/div><\/div>\n\n\n\n<div class=\"wp-block-column is-layout-flow wp-block-column-is-layout-flow\">\n<div class=\"wp-block-image\"><figure class=\"aligncenter size-large is-resized\"><img loading=\"lazy\" decoding=\"async\" src=\"https:\/\/www.artisane-bougie.fr\/wp-content\/uploads\/sites\/18\/2021\/04\/image-4-compressed-1-768x1024.jpg\" alt=\"\" class=\"wp-image-140\" width=\"261\" height=\"348\" srcset=\"https:\/\/63.liure.fr\/artisane\/wp-content\/uploads\/sites\/18\/2021\/04\/image-4-compressed-1-768x1024.jpg 768w, https:\/\/63.liure.fr\/artisane\/wp-content\/uploads\/sites\/18\/2021\/04\/image-4-compressed-1-225x300.jpg 225w, https:\/\/63.liure.fr\/artisane\/wp-content\/uploads\/sites\/18\/2021\/04\/image-4-compressed-1-350x467.jpg 350w, https:\/\/63.liure.fr\/artisane\/wp-content\/uploads\/sites\/18\/2021\/04\/image-4-compressed-1-800x1067.jpg 800w, https:\/\/63.liure.fr\/artisane\/wp-content\/uploads\/sites\/18\/2021\/04\/image-4-compressed-1-500x667.jpg 500w, https:\/\/63.liure.fr\/artisane\/wp-content\/uploads\/sites\/18\/2021\/04\/image-4-compressed-1-1152x1536.jpg 1152w, https:\/\/63.liure.fr\/artisane\/wp-content\/uploads\/sites\/18\/2021\/04\/image-4-compressed-1-1536x2048.jpg 1536w, https:\/\/63.liure.fr\/artisane\/wp-content\/uploads\/sites\/18\/2021\/04\/image-4-compressed-1-scaled.jpg 1920w\" sizes=\"auto, (max-width: 261px) 100vw, 261px\" \/><\/figure><\/div>\n<\/div>\n<\/div>\n<\/div><\/div><\/div>\n\n<div class=\"container\"><div class=\"row\"><div class=\"col-md-12\">\n<p><\/p>\n<\/div><\/div><\/div><\/div>\n<\/div>\n<\/div><\/div><\/div><div class=\"container\"><div class=\"row\"><div class=\"col-md-12\">\n\n<\/div><\/div><\/div><div class=\"container\"><div class=\"row\"><div class=\"col-md-12\">\n<div style=\"height:100px\" aria-hidden=\"true\" class=\"wp-block-spacer\"><\/div>\n<\/div><\/div><\/div><div class=\"container\"><div class=\"row\"><div class=\"col-md-12\">\n\n<\/div><\/div><\/div><div class=\"container\"><div class=\"row\"><div class=\"col-md-12\">\n<div class=\"wp-block-columns are-vertically-aligned-center is-layout-flex wp-container-core-columns-is-layout-9d6595d7 wp-block-columns-is-layout-flex\">\n<div class=\"wp-block-column is-vertically-aligned-center is-layout-flow wp-block-column-is-layout-flow\" style=\"flex-basis:100%\"><div class=\"container\"><div class=\"row\"><div class=\"col-md-12\">\n<div class=\"wp-block-columns is-layout-flex wp-container-core-columns-is-layout-9d6595d7 wp-block-columns-is-layout-flex\">\n<div class=\"wp-block-column is-vertically-aligned-center is-layout-flow wp-block-column-is-layout-flow\" style=\"flex-basis:100%\"><div class=\"container\"><div class=\"row\"><div class=\"col-md-12\">\n<div class=\"wp-block-columns is-layout-flex wp-container-core-columns-is-layout-9d6595d7 wp-block-columns-is-layout-flex\">\n<div class=\"wp-block-column is-vertically-aligned-center is-layout-flow wp-block-column-is-layout-flow\"><div class=\"container\"><div class=\"row\"><div class=\"col-md-12\">\n<p class=\"has-text-align-center\">La derni\u00e8re \u00e9tape consiste \u00e0<strong> d\u00e9corer<\/strong> nos bo\u00eetes avec des papiers de<strong> qualit\u00e9<\/strong>, qui isolent le m\u00e9tal de la chaleur.<\/p>\n<\/div><\/div><\/div>\n\n<div class=\"container\"><div class=\"row\"><div class=\"col-md-12\">\n<p class=\"has-text-align-center\">Les<strong> d\u00e9cors<\/strong> sont al\u00e9atoires car il s&rsquo;agit de feuilles de 50cm par 50cm, ce qui permet d&rsquo;avoir des<strong> d\u00e9cors<\/strong> tr\u00e8s diff\u00e9rents et <strong>uniques<\/strong>.<\/p>\n<\/div><\/div><\/div><\/div>\n\n\n\n<div class=\"wp-block-column is-vertically-aligned-center is-layout-flow wp-block-column-is-layout-flow\">\n<div class=\"wp-block-image\"><figure class=\"aligncenter size-large is-resized\"><img loading=\"lazy\" decoding=\"async\" src=\"https:\/\/www.artisane-bougie.fr\/wp-content\/uploads\/sites\/18\/2021\/04\/image-2-compressed-1024x943.jpg\" alt=\"\" class=\"wp-image-132\" width=\"287\" height=\"264\" srcset=\"https:\/\/63.liure.fr\/artisane\/wp-content\/uploads\/sites\/18\/2021\/04\/image-2-compressed-1024x943.jpg 1024w, https:\/\/63.liure.fr\/artisane\/wp-content\/uploads\/sites\/18\/2021\/04\/image-2-compressed-300x276.jpg 300w, https:\/\/63.liure.fr\/artisane\/wp-content\/uploads\/sites\/18\/2021\/04\/image-2-compressed-768x707.jpg 768w, https:\/\/63.liure.fr\/artisane\/wp-content\/uploads\/sites\/18\/2021\/04\/image-2-compressed-350x322.jpg 350w, https:\/\/63.liure.fr\/artisane\/wp-content\/uploads\/sites\/18\/2021\/04\/image-2-compressed-800x737.jpg 800w, https:\/\/63.liure.fr\/artisane\/wp-content\/uploads\/sites\/18\/2021\/04\/image-2-compressed-500x460.jpg 500w, https:\/\/63.liure.fr\/artisane\/wp-content\/uploads\/sites\/18\/2021\/04\/image-2-compressed-1536x1415.jpg 1536w, https:\/\/63.liure.fr\/artisane\/wp-content\/uploads\/sites\/18\/2021\/04\/image-2-compressed-2048x1886.jpg 2048w\" sizes=\"auto, (max-width: 287px) 100vw, 287px\" \/><\/figure><\/div>\n<\/div>\n<\/div>\n<\/div><\/div><\/div><\/div>\n<\/div>\n<\/div><\/div><\/div><\/div>\n<\/div>\n<\/div><\/div><\/div>","protected":false},"excerpt":{"rendered":"<p>Notre atelier de fabrication est situ\u00e9 \u00e0 ARTONNE, nous utilisons des mati\u00e8res premi\u00e8res s\u00e9lectionn\u00e9es pour leur qualit\u00e9 exceptionnelle, notre m\u00e9thode de fabrication se compose de nombreuses \u00e9tapes&#8230; Fabriquer une bougie parfum\u00e9e de qualit\u00e9 requiert un vrai savoir-faire : choix des mati\u00e8res premi\u00e8res, assemblage, r\u00e9glages de la bougie pour permettre une diffusion optimale&#8230; Si les \u00e9tapes [&hellip;]<\/p>\n","protected":false},"author":18,"featured_media":141,"parent":0,"menu_order":3,"comment_status":"closed","ping_status":"closed","template":"","meta":{"_acf_changed":false,"footnotes":""},"class_list":["post-68","page","type-page","status-publish","has-post-thumbnail","hentry"],"acf":[],"_links":{"self":[{"href":"https:\/\/63.liure.fr\/artisane\/wp-json\/wp\/v2\/pages\/68","targetHints":{"allow":["GET"]}}],"collection":[{"href":"https:\/\/63.liure.fr\/artisane\/wp-json\/wp\/v2\/pages"}],"about":[{"href":"https:\/\/63.liure.fr\/artisane\/wp-json\/wp\/v2\/types\/page"}],"author":[{"embeddable":true,"href":"https:\/\/63.liure.fr\/artisane\/wp-json\/wp\/v2\/users\/18"}],"replies":[{"embeddable":true,"href":"https:\/\/63.liure.fr\/artisane\/wp-json\/wp\/v2\/comments?post=68"}],"version-history":[{"count":26,"href":"https:\/\/63.liure.fr\/artisane\/wp-json\/wp\/v2\/pages\/68\/revisions"}],"predecessor-version":[{"id":439,"href":"https:\/\/63.liure.fr\/artisane\/wp-json\/wp\/v2\/pages\/68\/revisions\/439"}],"wp:featuredmedia":[{"embeddable":true,"href":"https:\/\/63.liure.fr\/artisane\/wp-json\/wp\/v2\/media\/141"}],"wp:attachment":[{"href":"https:\/\/63.liure.fr\/artisane\/wp-json\/wp\/v2\/media?parent=68"}],"curies":[{"name":"wp","href":"https:\/\/api.w.org\/{rel}","templated":true}]}}