{"id":13,"date":"2021-04-05T14:30:34","date_gmt":"2021-04-05T12:30:34","guid":{"rendered":"https:\/\/www.artisane-bougie.fr\/?page_id=13"},"modified":"2025-08-11T08:30:02","modified_gmt":"2025-08-11T06:30:02","slug":"presentation","status":"publish","type":"page","link":"https:\/\/63.liure.fr\/artisane\/presentation\/","title":{"rendered":"Portrait"},"content":{"rendered":"<div class=\"container\"><div class=\"row\"><div class=\"col-md-12\">\n<div class=\"wp-block-columns is-layout-flex wp-container-core-columns-is-layout-9d6595d7 wp-block-columns-is-layout-flex\">\n<div class=\"wp-block-column is-vertically-aligned-center is-layout-flow wp-block-column-is-layout-flow\"><div class=\"container\"><div class=\"row\"><div class=\"col-md-12\">\n<h2 class=\"wp-block-heading\">Bienvenue dans notre univers,<\/h2>\n<\/div><\/div><\/div>\n\n<div class=\"container\"><div class=\"row\"><div class=\"col-md-12\">\n<p>Je suis Marie LANA la cr\u00e9atrice de la marque<strong> ARTISANE<\/strong> qui a vu le jour le 15 janvier 2020, j&rsquo;ai \u00e9volu\u00e9 dans le commerce durant plus de 20 ans sans jamais r\u00e9ellement trouver ma place.<\/p>\n<\/div><\/div><\/div>\n\n<div class=\"container\"><div class=\"row\"><div class=\"col-md-12\">\n<p>J&rsquo;ai toujours \u00e9t\u00e9 passionn\u00e9e de d\u00e9coration d&rsquo;int\u00e9rieur et apr\u00e8s avoir suivi une formation, j&rsquo;ai naturellement \u00e9t\u00e9 guid\u00e9e vers cette aventure.<\/p>\n<\/div><\/div><\/div>\n\n<div class=\"container\"><div class=\"row\"><div class=\"col-md-12\">\n<p>Comme beaucoup j&rsquo;adore les <strong>bougies parfum\u00e9es<\/strong> mais je voulais une bougie qui ait du caract\u00e8re et une v\u00e9ritable identit\u00e9.<\/p>\n<\/div><\/div><\/div>\n\n<div class=\"container\"><div class=\"row\"><div class=\"col-md-12\">\n<p><strong>ARTISANE<\/strong> c&rsquo;est avant tout un partage d&rsquo;id\u00e9es et de diverses exp\u00e9riences&#8230;<\/p>\n<\/div><\/div><\/div>\n\n<div class=\"container\"><div class=\"row\"><div class=\"col-md-12\">\n<p>J&rsquo;ai souhait\u00e9 raconter un peu de mon histoire empreinte de mes souvenirs et de <strong>parfums<\/strong> qui ont accompagn\u00e9 mon enfance&#8230;<\/p>\n<\/div><\/div><\/div><\/div>\n\n\n\n<div class=\"wp-block-column is-vertically-aligned-center is-layout-flow wp-block-column-is-layout-flow\">\n<div class=\"wp-block-image\"><figure class=\"alignleft size-large\"><img loading=\"lazy\" decoding=\"async\" width=\"1374\" height=\"1374\" src=\"https:\/\/www.artisane-bougie.fr\/wp-content\/uploads\/sites\/18\/2021\/04\/imggg-edited.jpg\" alt=\"bougies naturelles artisanales fait main\" class=\"wp-image-121\" srcset=\"https:\/\/63.liure.fr\/artisane\/wp-content\/uploads\/sites\/18\/2021\/04\/imggg-edited.jpg 1374w, https:\/\/63.liure.fr\/artisane\/wp-content\/uploads\/sites\/18\/2021\/04\/imggg-edited-300x300.jpg 300w, https:\/\/63.liure.fr\/artisane\/wp-content\/uploads\/sites\/18\/2021\/04\/imggg-edited-1024x1024.jpg 1024w, https:\/\/63.liure.fr\/artisane\/wp-content\/uploads\/sites\/18\/2021\/04\/imggg-edited-150x150.jpg 150w, https:\/\/63.liure.fr\/artisane\/wp-content\/uploads\/sites\/18\/2021\/04\/imggg-edited-768x768.jpg 768w, https:\/\/63.liure.fr\/artisane\/wp-content\/uploads\/sites\/18\/2021\/04\/imggg-edited-350x350.jpg 350w, https:\/\/63.liure.fr\/artisane\/wp-content\/uploads\/sites\/18\/2021\/04\/imggg-edited-800x800.jpg 800w, https:\/\/63.liure.fr\/artisane\/wp-content\/uploads\/sites\/18\/2021\/04\/imggg-edited-500x500.jpg 500w, https:\/\/63.liure.fr\/artisane\/wp-content\/uploads\/sites\/18\/2021\/04\/imggg-edited-40x40.jpg 40w\" sizes=\"auto, (max-width: 1374px) 100vw, 1374px\" \/><\/figure><\/div>\n<\/div>\n<\/div>\n<\/div><\/div><\/div><div class=\"container\"><div class=\"row\"><div class=\"col-md-12\">\n\n<\/div><\/div><\/div><div class=\"container\"><div class=\"row\"><div class=\"col-md-12\">\n<div class=\"wp-block-columns are-vertically-aligned-center is-layout-flex wp-container-core-columns-is-layout-9d6595d7 wp-block-columns-is-layout-flex\">\n<div class=\"wp-block-column is-vertically-aligned-center is-layout-flow wp-block-column-is-layout-flow\">\n<figure class=\"wp-block-image size-large\"><img loading=\"lazy\" decoding=\"async\" width=\"970\" height=\"969\" src=\"https:\/\/www.artisane-bougie.fr\/wp-content\/uploads\/sites\/18\/2021\/04\/IMG-3189-edited.jpg\" alt=\"bougies parfum\u00e9es\" class=\"wp-image-122\" srcset=\"https:\/\/63.liure.fr\/artisane\/wp-content\/uploads\/sites\/18\/2021\/04\/IMG-3189-edited.jpg 970w, https:\/\/63.liure.fr\/artisane\/wp-content\/uploads\/sites\/18\/2021\/04\/IMG-3189-edited-300x300.jpg 300w, https:\/\/63.liure.fr\/artisane\/wp-content\/uploads\/sites\/18\/2021\/04\/IMG-3189-edited-150x150.jpg 150w, https:\/\/63.liure.fr\/artisane\/wp-content\/uploads\/sites\/18\/2021\/04\/IMG-3189-edited-768x767.jpg 768w, https:\/\/63.liure.fr\/artisane\/wp-content\/uploads\/sites\/18\/2021\/04\/IMG-3189-edited-350x350.jpg 350w, https:\/\/63.liure.fr\/artisane\/wp-content\/uploads\/sites\/18\/2021\/04\/IMG-3189-edited-800x799.jpg 800w, https:\/\/63.liure.fr\/artisane\/wp-content\/uploads\/sites\/18\/2021\/04\/IMG-3189-edited-500x499.jpg 500w, https:\/\/63.liure.fr\/artisane\/wp-content\/uploads\/sites\/18\/2021\/04\/IMG-3189-edited-40x40.jpg 40w\" sizes=\"auto, (max-width: 970px) 100vw, 970px\" \/><\/figure>\n<\/div>\n\n\n\n<div class=\"wp-block-column is-vertically-aligned-center is-layout-flow wp-block-column-is-layout-flow\"><div class=\"container\"><div class=\"row\"><div class=\"col-md-12\">\n<p class=\"has-text-align-left\">Depuis le mois de mars 2021, je suis accompagn\u00e9e par<strong> Brigitte HUGUET<\/strong>, qui porte un autre regard sur la cr\u00e9ation, de par son exp\u00e9rience et ses facult\u00e9s d&rsquo;adaptation, elle d\u00e9veloppe la marque sur la R\u00e9gion Toulousaine et Auvergnate.<\/p>\n<\/div><\/div><\/div>\n\n<div class=\"container\"><div class=\"row\"><div class=\"col-md-12\">\n<p>Un vrai <strong>duo<\/strong> compl\u00e9mentaire, qui s&rsquo;\u00e9quilibre parfaitement, nous partageons tous les projets ensemble, ce qui nous permet de progresser dans la r\u00e9alisation de nos <strong>bougies<\/strong>.<\/p>\n<\/div><\/div><\/div>\n\n<div class=\"container\"><div class=\"row\"><div class=\"col-md-12\">\n<p>Une imagination d\u00e9bordante, 2 visions et 4 mains pour vous offrir le meilleur de nos <strong>cr\u00e9ations<\/strong>.<\/p>\n<\/div><\/div><\/div>\n\n<div class=\"container\"><div class=\"row\"><div class=\"col-md-12\">\n<p>Belle promenade dans notre univers!<\/p>\n<\/div><\/div><\/div><\/div>\n<\/div>\n<\/div><\/div><\/div><div class=\"container\"><div class=\"row\"><div class=\"col-md-12\">\n\n<\/div><\/div><\/div><div class=\"container\"><div class=\"row\"><div class=\"col-md-12\">\n<p><\/p>\n<\/div><\/div><\/div><div class=\"container\"><div class=\"row\"><div class=\"col-md-12\">\n\n<\/div><\/div><\/div><div class=\"container\"><div class=\"row\"><div class=\"col-md-12\">\n<p><\/p>\n<\/div><\/div><\/div><div class=\"container\"><div class=\"row\"><div class=\"col-md-12\">\n\n<\/div><\/div><\/div><div class=\"container\"><div class=\"row\"><div class=\"col-md-12\">\n<p><\/p>\n<\/div><\/div><\/div>","protected":false},"excerpt":{"rendered":"<p>Bienvenue dans notre univers, Je suis Marie LANA la cr\u00e9atrice de la marque ARTISANE qui a vu le jour le 15 janvier 2020, j&rsquo;ai \u00e9volu\u00e9 dans le commerce durant plus de 20 ans sans jamais r\u00e9ellement trouver ma place. J&rsquo;ai toujours \u00e9t\u00e9 passionn\u00e9e de d\u00e9coration d&rsquo;int\u00e9rieur et apr\u00e8s avoir suivi une formation, j&rsquo;ai naturellement \u00e9t\u00e9 [&hellip;]<\/p>\n","protected":false},"author":18,"featured_media":0,"parent":0,"menu_order":2,"comment_status":"closed","ping_status":"closed","template":"","meta":{"_acf_changed":false,"footnotes":""},"class_list":["post-13","page","type-page","status-publish","hentry"],"acf":[],"_links":{"self":[{"href":"https:\/\/63.liure.fr\/artisane\/wp-json\/wp\/v2\/pages\/13","targetHints":{"allow":["GET"]}}],"collection":[{"href":"https:\/\/63.liure.fr\/artisane\/wp-json\/wp\/v2\/pages"}],"about":[{"href":"https:\/\/63.liure.fr\/artisane\/wp-json\/wp\/v2\/types\/page"}],"author":[{"embeddable":true,"href":"https:\/\/63.liure.fr\/artisane\/wp-json\/wp\/v2\/users\/18"}],"replies":[{"embeddable":true,"href":"https:\/\/63.liure.fr\/artisane\/wp-json\/wp\/v2\/comments?post=13"}],"version-history":[{"count":11,"href":"https:\/\/63.liure.fr\/artisane\/wp-json\/wp\/v2\/pages\/13\/revisions"}],"predecessor-version":[{"id":244,"href":"https:\/\/63.liure.fr\/artisane\/wp-json\/wp\/v2\/pages\/13\/revisions\/244"}],"wp:attachment":[{"href":"https:\/\/63.liure.fr\/artisane\/wp-json\/wp\/v2\/media?parent=13"}],"curies":[{"name":"wp","href":"https:\/\/api.w.org\/{rel}","templated":true}]}}